{"id":905,"date":"2023-07-19T14:15:33","date_gmt":"2023-07-19T14:15:33","guid":{"rendered":"https:\/\/automovilescanas.es\/?page_id=905"},"modified":"2025-02-13T20:03:58","modified_gmt":"2025-02-13T20:03:58","slug":"test","status":"publish","type":"page","link":"https:\/\/automovilescanas.es\/gl\/test\/","title":{"rendered":"proba"},"content":{"rendered":"<div class=\"brz-root__container brz-reset-all\">\n<section data-uid=\"yucuxzubfnpklagqtrklvonvnwkwfetvclzw\" id=\"yucuxzubfnpklagqtrklvonvnwkwfetvclzw\" class=\"brz-section brz-css-znwqv\">\n<div class=\"brz-section__content brz-section--boxed brz-css-fnjwm\" data-custom-id=\"tfqgnzoqchnywecwyeeorpnkjvnpqtrcdnjt\">\n<div class=\"brz-container brz-css-atuzj\">\n<div id class=\"brz-css-czmhc brz-wrapper\">\n<div class=\"brz-icon-text brz-css-lfetc\" data-custom-id=\"ijdjipdrecpbfluggjkjgqafzhmhthwqreuq\">\n<div class=\"brz-icon__container\" data-custom-id=\"kzmiybhgdsfroiqxiqfskbtcpxtmjjmjpowu\"><span class=\"brz-icon brz-span brz-css-rvywa\"><\/span><\/div>\n<div class=\"brz-text-btn\">\n<div class=\"brz-rich-text brz-rich-text__custom brz-css-qhyjg\" data-custom-id=\"yhnvswsmsgbaufblkmakxnavcyvmydazpmzj\">\n<div>\n<p class=\"brz-tp-paragraph brz-css-pxbep\"><span class=\"brz-cp-color7\">O punto de usar texto ficticio para o seu par\u00e1grafo \u00e9 que ten unha distribuci\u00f3n de letras m\u00e1is ou menos normal. facendo que pareza ingl\u00e9s lexible.<\/span><\/p>\n<\/div>\n<\/div>\n<div class=\"brz-wrapper-clone brz-css-nzteg\">\n<div class=\"brz-d-xs-flex brz-flex-xs-wrap brz-css-jquvn\">\n<div class=\"brz-wrapper-clone__item\" id=\"pmnulzaurwkuuumfrlvmqcwhcctrydgyywoz\"><a class=\"brz-a brz-btn brz-css-wsdea\" href =\"\/gl\/1\/\" target=\"_self\" rel=\"noopener\" data-brz-link-type=\"external\" data-custom-id=\"pmnulzaurwkuuumfrlvmqcwhcctrydgyywoz\"><span class=\"brz-span brz-text__editor\">BOT\u00d3N<\/span><\/a><\/div>\n<\/div>\n<\/div>\n<\/div>\n<\/div>\n<\/div>\n<div class=\"brz-wrapper-clone brz-css-nzteg\">\n<div class=\"brz-d-xs-flex brz-flex-xs-wrap brz-css-jquvn\">\n<div class=\"brz-wrapper-clone__item\" id=\"swpubzdddnwqkmxkfmebukzohxxsesdbaosk\">\n<div class=\"brz-icon__container\" data-custom-id=\"swpubzdddnwqkmxkfmebukzohxxsesdbaosk\"><span class=\"brz-icon brz-span brz-css-rvywa\"><\/span><\/div>\n<\/div>\n<\/div>\n<\/div>\n<div class=\"brz-wrapper-clone brz-css-nzteg\">\n<div class=\"brz-d-xs-flex brz-flex-xs-wrap brz-css-jquvn\">\n<div class=\"brz-wrapper-clone__item\" id=\"aahyowepkomizpedyfexlzrzuhhwdgrknwsu\">\n<div class=\"brz-icon__container\" data-custom-id=\"aahyowepkomizpedyfexlzrzuhhwdgrknwsu\"><span class=\"brz-icon brz-span brz-css-rvywa\"><\/span><\/div>\n<\/div>\n<\/div>\n<\/div>\n<div class=\"brz-wrapper-clone brz-css-nzteg\">\n<div class=\"brz-d-xs-flex brz-flex-xs-wrap brz-css-jquvn\">\n<div class=\"brz-wrapper-clone__item\" id=\"ylyzwnrpcomcxjjeqqdibmbahmskrqfbphzn\">\n<div class=\"brz-icon__container\" data-custom-id=\"ylyzwnrpcomcxjjeqqdibmbahmskrqfbphzn\"><span class=\"brz-icon brz-span brz-css-rvywa\"><\/span><\/div>\n<\/div>\n<\/div>\n<\/div>\n<\/div>\n<\/div>\n<\/section>\n<\/div>\n<p>    <!-- version:1706373196 --><\/p>","protected":false},"excerpt":{"rendered":"<p>The point of using dummy text for your paragraph is that it has a more-or-less normal distribution of letters. making it look like readable English. BUTTON<\/p>","protected":false},"author":2,"featured_media":0,"parent":0,"menu_order":0,"comment_status":"closed","ping_status":"closed","template":"brizy-blank-template.php","meta":{"site-sidebar-layout":"default","site-content-layout":"","ast-site-content-layout":"","site-content-style":"default","site-sidebar-style":"default","ast-global-header-display":"","ast-banner-title-visibility":"","ast-main-header-display":"","ast-hfb-above-header-display":"","ast-hfb-below-header-display":"","ast-hfb-mobile-header-display":"","site-post-title":"","ast-breadcrumbs-content":"","ast-featured-img":"","footer-sml-layout":"","theme-transparent-header-meta":"","adv-header-id-meta":"","stick-header-meta":"","header-above-stick-meta":"","header-main-stick-meta":"","header-below-stick-meta":"","astra-migrate-meta-layouts":"default","ast-page-background-enabled":"default","ast-page-background-meta":{"desktop":{"background-color":"var(--ast-global-color-4)","background-image":"","background-repeat":"repeat","background-position":"center center","background-size":"auto","background-attachment":"scroll","background-type":"","background-media":"","overlay-type":"","overlay-color":"","overlay-opacity":"","overlay-gradient":""},"tablet":{"background-color":"","background-image":"","background-repeat":"repeat","background-position":"center center","background-size":"auto","background-attachment":"scroll","background-type":"","background-media":"","overlay-type":"","overlay-color":"","overlay-opacity":"","overlay-gradient":""},"mobile":{"background-color":"","background-image":"","background-repeat":"repeat","background-position":"center center","background-size":"auto","background-attachment":"scroll","background-type":"","background-media":"","overlay-type":"","overlay-color":"","overlay-opacity":"","overlay-gradient":""}},"ast-content-background-meta":{"desktop":{"background-color":"var(--ast-global-color-5)","background-image":"","background-repeat":"repeat","background-position":"center center","background-size":"auto","background-attachment":"scroll","background-type":"","background-media":"","overlay-type":"","overlay-color":"","overlay-opacity":"","overlay-gradient":""},"tablet":{"background-color":"var(--ast-global-color-5)","background-image":"","background-repeat":"repeat","background-position":"center center","background-size":"auto","background-attachment":"scroll","background-type":"","background-media":"","overlay-type":"","overlay-color":"","overlay-opacity":"","overlay-gradient":""},"mobile":{"background-color":"var(--ast-global-color-5)","background-image":"","background-repeat":"repeat","background-position":"center center","background-size":"auto","background-attachment":"scroll","background-type":"","background-media":"","overlay-type":"","overlay-color":"","overlay-opacity":"","overlay-gradient":""}},"footnotes":""},"class_list":["post-905","page","type-page","status-publish","hentry"],"_links":{"self":[{"href":"https:\/\/automovilescanas.es\/gl\/wp-json\/wp\/v2\/pages\/905","targetHints":{"allow":["GET"]}}],"collection":[{"href":"https:\/\/automovilescanas.es\/gl\/wp-json\/wp\/v2\/pages"}],"about":[{"href":"https:\/\/automovilescanas.es\/gl\/wp-json\/wp\/v2\/types\/page"}],"author":[{"embeddable":true,"href":"https:\/\/automovilescanas.es\/gl\/wp-json\/wp\/v2\/users\/2"}],"replies":[{"embeddable":true,"href":"https:\/\/automovilescanas.es\/gl\/wp-json\/wp\/v2\/comments?post=905"}],"version-history":[{"count":8,"href":"https:\/\/automovilescanas.es\/gl\/wp-json\/wp\/v2\/pages\/905\/revisions"}],"predecessor-version":[{"id":947,"href":"https:\/\/automovilescanas.es\/gl\/wp-json\/wp\/v2\/pages\/905\/revisions\/947"}],"wp:attachment":[{"href":"https:\/\/automovilescanas.es\/gl\/wp-json\/wp\/v2\/media?parent=905"}],"curies":[{"name":"wp","href":"https:\/\/api.w.org\/{rel}","templated":true}]}}