{"id":36,"date":"2022-03-18T07:59:13","date_gmt":"2022-03-18T07:59:13","guid":{"rendered":"http:\/\/automovilescanas.es\/?page_id=36"},"modified":"2025-02-14T10:02:23","modified_gmt":"2025-02-14T10:02:23","slug":"nosotros","status":"publish","type":"page","link":"https:\/\/automovilescanas.es\/gl\/nosotros\/","title":{"rendered":"Sobre n\u00f3s"},"content":{"rendered":"<div class=\"brz-root__container brz-reset-all brz brz-root__container-page\">\n<section id=\"518e1ef781d367e537c9_yvkkbchfyjeeudxkdatkmucfjzptemlkdmgu\" class=\"brz-section brz-css-1ttff8f\">\n<div class=\"brz-section__content brz-section--boxed brz-css-yv2lwt brz-css-addrd4\" data-brz-custom-id=\"myyhgpwfzxfrxzxcdqwsncxqqzxmfoxtmgxz\">\n<div class=\"brz-bg\">\n<div class=\"brz-bg-color\"><\/div>\n<\/div>\n<div class=\"brz-container brz-css-8p6hu6\">\n<div id=\"\" class=\"brz-css-1pwwpyl brz-css-1qm77ep brz-wrapper\">\n<div class=\"brz-rich-text brz-rich-text__custom brz-css-ylmbx5\" data-brz-custom-id=\"wahgykpctzxesolefnlhznqgcowvqecdlluh\">\n<div data-brz-translate-text=\"1\">\n<h2 class=\"brz-text-lg-center brz-tp-lg-heading2 brz-css-sr_Gj\" data-generated-css=\"brz-css-sslmh\" data-uniq-id=\"humid\"><span style=\"opacity: 1;\" class=\"brz-cp-color3\">Sobre n\u00f3s<\/span><\/h2>\n<\/div>\n<\/div>\n<\/div>\n<\/div>\n<\/div>\n<\/section>\n<section id=\"23e7473fe440f0441999_puscbwpgghncwbxbjkdkglaruhkzsskfelxy\" class=\"brz-section brz-css-1ttff8f\">\n<div class=\"brz-section__content brz-section--fullWidth brz-css-yv2lwt brz-css-12tflbg\" data-brz-custom-id=\"mqrmruiajzfazahrnuhhytjeoiusngdghwvc\">\n<div class=\"brz-container brz-css-8p6hu6 brz-css-eikkwg\"><\/div>\n<\/div>\n<\/section>\n<section id=\"a1d69b35c4a0c0a85161_alvnfxuilewvtdwovyazoeuvtjaxpdsagfjq\" class=\"brz-section brz-css-1ttff8f\">\n<div class=\"brz-section__content brz-section--boxed brz-css-yv2lwt brz-css-19agxc7\" data-brz-custom-id=\"qoevmerqignxkmjefilydfasqyinkqvohvuc\">\n<div class=\"brz-container brz-css-8p6hu6 brz-css-10i0i3e\">\n<div class=\"brz-row__container brz-css-1aivjga\" data-brz-custom-id=\"degahwsrjuucqklueoupirqdarkxrczytzok\">\n<div class=\"brz-bg\"><\/div>\n<div class=\"brz-row brz-css-1fmbsv7 brz-css-lcwm17\">\n<div class=\"brz-columns brz-css-16kepz8 brz-css-tn7say\" data-brz-custom-id=\"dcltvkfwnzxmjaepevguinliqavbeehladux\">\n<div class=\"brz-bg\"><\/div>\n<div class=\"brz-column__items brz-css-1yya4ju brz-css-1cxhmra\">\n<div id=\"\" class=\"brz-css-1pwwpyl brz-css-tx6si brz-wrapper\">\n<div class=\"brz-rich-text brz-rich-text__custom brz-css-ylmbx5\" data-brz-custom-id=\"ogwykrisfcocvouphyoddigvkvxxvsqfujtt\">\n<div data-brz-translate-text=\"1\">\n<h3 class=\"brz-tp-lg-heading3 brz-css-xFwPV\" data-generated-css=\"brz-css-xotsw\" data-uniq-id=\"fyrts\">Somos un taller activo en Abegondo, A Coru\u00f1a, dende 1982. Os nosos clientes son fieis e moi agradecidos.<\/h3>\n<\/div>\n<\/div>\n<\/div>\n<div id=\"\" class=\"brz-css-1pwwpyl brz-css-1x349za brz-wrapper\">\n<div class=\"brz-image brz-css-1ytaew0 brz-css-1i0aqd8\" data-brz-custom-id=\"f7xam6_m4RCl\"><picture class=\"brz-picture brz-d-block brz-p-relative brz-css-1t3bj3r\"><source srcset=\"https:\/\/automovilescanas.es\/?brizy_media=wp-312b06694e7db8c624d34d3ca17e42e2.jpg&amp;brizy_crop=iW%3D460%26iH%3D321%26oX%3D58%26oY%3D0%26cW%3D343%26cH%3D321 1x, https:\/\/automovilescanas.es\/?brizy_media=wp-312b06694e7db8c624d34d3ca17e42e2.jpg&amp;brizy_crop=iW%3D920%26iH%3D642%26oX%3D116%26oY%3D0%26cW%3D686%26cH%3D642 2x\" media=\"(min-width: 992px)\"><source srcset=\"https:\/\/automovilescanas.es\/?brizy_media=wp-312b06694e7db8c624d34d3ca17e42e2.jpg&amp;brizy_crop=iW%3D778%26iH%3D544%26oX%3D51%26oY%3D0%26cW%3D677%26cH%3D544 1x, https:\/\/automovilescanas.es\/?brizy_media=wp-312b06694e7db8c624d34d3ca17e42e2.jpg&amp;brizy_crop=iW%3D1556%26iH%3D1088%26oX%3D102%26oY%3D0%26cW%3D1354%26cH%3D1088 2x\" media=\"(min-width: 768px)\"><img decoding=\"async\" class=\"brz-img\" srcset=\"https:\/\/automovilescanas.es\/?brizy_media=wp-312b06694e7db8c624d34d3ca17e42e2.jpg&amp;brizy_crop=iW%3D435%26iH%3D304%26oX%3D20%26oY%3D0%26cW%3D396%26cH%3D304 1x, https:\/\/automovilescanas.es\/?brizy_media=wp-312b06694e7db8c624d34d3ca17e42e2.jpg&amp;brizy_crop=iW%3D870%26iH%3D608%26oX%3D40%26oY%3D0%26cW%3D792%26cH%3D608 2x\" src=\"https:\/\/automovilescanas.es\/?brizy_media=wp-312b06694e7db8c624d34d3ca17e42e2.jpg&amp;brizy_crop=iW%3D460%26iH%3D321%26oX%3D58%26oY%3D0%26cW%3D343%26cH%3D321\" alt=\"Autom\u00f3viles Ca\u00f1as. Propietario.\" draggable=\"false\" loading=\"lazy\"><\/picture><\/div>\n<\/div>\n<\/div>\n<\/div>\n<div class=\"brz-columns brz-css-16kepz8 brz-css-ycb8z\" data-brz-custom-id=\"wotrvwufyachbylauqrjkxtoaxsekcxnwkby\">\n<div class=\"brz-column__items brz-css-1yya4ju brz-css-1um7vgy\">\n<div id=\"\" class=\"brz-css-1pwwpyl brz-css-1t6edel brz-wrapper\">\n<div class=\"brz-rich-text brz-rich-text__custom brz-css-ylmbx5\" data-brz-custom-id=\"rvljdcceakrapkgdapojmqefbkkawvhwefho\">\n<div data-brz-translate-text=\"1\">\n<p class=\"brz-ff-mulish brz-ft-google brz-fs-lg-16 brz-fss-lg-px brz-fw-lg-400 brz-ls-lg-0 brz-lh-lg-1_5 brz-tp-lg-paragraph brz-tp-sm-paragraph brz-css-n69IK\" data-generated-css=\"brz-css-ulfan\" data-uniq-id=\"jtdvu\"><span class=\"brz-cp-color3\" style=\"background-color: transparent; opacity: 1;\"> En Autom\u00f3biles Ca\u00f1\u00e1s levamos m\u00e1is de catro d\u00e9cadas prestando servizos de alta calidade no mundo da mec\u00e1nica en Coru\u00f1a e arredores. Fundada en 1982, a nosa paix\u00f3n polo autom\u00f3bil e o noso compromiso coa satisfacci\u00f3n do cliente convert\u00e9ronos nun referente no sector.<\/span><\/p>\n<p class=\"brz-ff-mulish brz-ft-google brz-fs-lg-16 brz-fss-lg-px brz-fw-lg-400 brz-ls-lg-0 brz-lh-lg-1_5 brz-tp-lg-paragraph brz-tp-sm-paragraph brz-css-fW3ZD\" data-generated-css=\"brz-css-fqogg\" data-uniq-id=\"vorpc\"><span class=\"brz-cp-color3\" style=\"background-color: transparent; opacity: 1;\"> <\/span><\/p>\n<p class=\"brz-ff-mulish brz-ft-google brz-fs-lg-16 brz-fss-lg-px brz-fw-lg-400 brz-ls-lg-0 brz-lh-lg-1_5 brz-tp-lg-paragraph brz-tp-sm-paragraph brz-css-dzMv4\" data-generated-css=\"brz-css-whewh\" data-uniq-id=\"gamoc\"><span class=\"brz-cp-color3\" style=\"background-color: transparent; opacity: 1;\">Contamos cun equipo de mec\u00e1nicos altamente formados e experimentados dedicados a manter o teu veh\u00edculo en \u00f3ptimas condici\u00f3ns. Tanto se necesitas unha simple comprobaci\u00f3n de rutina, reparaci\u00f3ns importantes ou actualizaci\u00f3ns personalizadas, estamos aqu\u00ed para atenderte coa m\u00e1xima calidade e profesionalidade.<\/span><\/p>\n<p class=\"brz-ff-mulish brz-ft-google brz-fs-lg-16 brz-fss-lg-px brz-fw-lg-400 brz-ls-lg-0 brz-lh-lg-1_5 brz-tp-lg-paragraph brz-tp-sm-paragraph brz-css-r7I4L\" data-generated-css=\"brz-css-wwzwk\" data-uniq-id=\"rilci\"><span class=\"brz-cp-color3\" style=\"background-color: transparent; opacity: 1;\"> <\/span><\/p>\n<p class=\"brz-ff-mulish brz-ft-google brz-fs-lg-16 brz-fss-lg-px brz-fw-lg-400 brz-ls-lg-0 brz-lh-lg-1_5 brz-tp-lg-paragraph brz-tp-sm-paragraph brz-css-arMPX\" data-generated-css=\"brz-css-mmpdb\" data-uniq-id=\"rzlnw\"><span class=\"brz-cp-color3\" style=\"background-color: transparent; opacity: 1;\">En Autom\u00f3biles Ca\u00f1\u00e1s non s\u00f3 nos enorgullecemos da nosa experiencia e co\u00f1ecementos, sen\u00f3n tam\u00e9n da nosa honestidade e transparencia en cada servizo que ofrecemos. Valoramos a confianza que depositas en n\u00f3s cando conf\u00edas en n\u00f3s o teu veh\u00edculo, e traballamos arreo para cumprir e superar as t\u00faas expectativas.<\/span><\/p>\n<p class=\"brz-ff-mulish brz-ft-google brz-fs-lg-16 brz-fss-lg-px brz-fw-lg-400 brz-ls-lg-0 brz-lh-lg-1_5 brz-tp-lg-paragraph brz-tp-sm-paragraph brz-css-pxIMh\" data-generated-css=\"brz-css-rhmrx\" data-uniq-id=\"routd\"><span class=\"brz-cp-color3\" style=\"background-color: transparent; opacity: 1;\"> <\/span><\/p>\n<p class=\"brz-ff-mulish brz-ft-google brz-fs-lg-16 brz-fss-lg-px brz-fw-lg-400 brz-ls-lg-0 brz-lh-lg-1_5 brz-tp-lg-paragraph brz-tp-sm-paragraph brz-css-sEZd_\" data-generated-css=\"brz-css-kzsdn\" data-uniq-id=\"qizyl\"><span class=\"brz-cp-color3\" style=\"background-color: transparent; opacity: 1;\">Ao longo dos anos, constru\u00edmos fortes relaci\u00f3ns cos nosos clientes, e moitos deles confiaron en n\u00f3s durante xeraci\u00f3ns. Estamos comprometidos coa excelencia no servizo ao cliente e manter o seu veh\u00edculo en perfecto estado de funcionamento.<\/span><\/p>\n<p class=\"brz-ff-mulish brz-ft-google brz-fs-lg-16 brz-fss-lg-px brz-fw-lg-400 brz-ls-lg-0 brz-lh-lg-1_5 brz-tp-lg-paragraph brz-tp-sm-paragraph brz-css-v7wfF\" data-generated-css=\"brz-css-yrrvm\" data-uniq-id=\"nawkg\"><span class=\"brz-cp-color3\" style=\"background-color: transparent; opacity: 1;\"> <\/span><\/p>\n<p class=\"brz-ff-mulish brz-ft-google brz-fs-lg-16 brz-fss-lg-px brz-fw-lg-400 brz-ls-lg-0 brz-lh-lg-1_5 brz-tp-lg-paragraph brz-tp-sm-paragraph brz-css-m8WkK\" data-generated-css=\"brz-css-rmmld\" data-uniq-id=\"rgpey\"><span class=\"brz-cp-color3\" style=\"background-color: transparent; opacity: 1;\">Os nosos servizos incl\u00faen <\/span><strong class=\"brz-cp-color3\" style=\"background-color: transparent; opacity: 1;\">mantemento<\/strong><span class=\"brz-cp-color3\" style=\"background-color: transparent; opacity: 1;\"> e reparaci\u00f3n de sistemas <\/span><strong class=\"brz-cp-color3\" style=\"background-color: transparent; opacity: 1;\">suspensi\u00f3n<\/strong><span class=\"brz-cp-color3\" style=\"background-color: transparent; opacity: 1;\">, Cambio de <\/span><strong class=\"brz-cp-color3\" style=\"background-color: transparent; opacity: 1;\">filtros<\/strong><span class=\"brz-cp-color3\" style=\"background-color: transparent; opacity: 1;\">, Cambio de<\/span><strong class=\"brz-cp-color3\" style=\"background-color: transparent; opacity: 1;\"> l\u00edquido refrigerante<\/strong><span class=\"brz-cp-color3\" style=\"background-color: transparent; opacity: 1;\">, Cambio de <\/span><strong class=\"brz-cp-color3\" style=\"background-color: transparent; opacity: 1;\">pneum\u00e1ticos<\/strong><span class=\"brz-cp-color3\" style=\"background-color: transparent; opacity: 1;\">, <\/span><strong class=\"brz-cp-color3\" style=\"background-color: transparent; opacity: 1;\">botarlle o ferrollo<\/strong><span class=\"brz-cp-color3\" style=\"background-color: transparent; opacity: 1;\"> e <\/span><strong class=\"brz-cp-color3\" style=\"background-color: transparent; opacity: 1;\">pintar<\/strong><span class=\"brz-cp-color3\" style=\"background-color: transparent; opacity: 1;\">, <\/span><strong class=\"brz-cp-color3\" style=\"background-color: transparent; opacity: 1;\">electricidade<\/strong><span class=\"brz-cp-color3\" style=\"background-color: transparent; opacity: 1;\"> e <\/span><strong class=\"brz-cp-color3\" style=\"background-color: transparent; opacity: 1;\">electr\u00f3nica<\/strong><span class=\"brz-cp-color3\" style=\"background-color: transparent; opacity: 1;\">, as\u00ed como o servizo de <\/span><strong class=\"brz-cp-color3\" style=\"background-color: transparent; opacity: 1;\">pre ITV<\/strong><span class=\"brz-cp-color3\" style=\"background-color: transparent; opacity: 1;\">. Estamos aqu\u00ed para asegurarnos de que o teu veh\u00edculo estea en perfecto estado e funcione de forma eficiente e segura nas estradas.<\/span><\/p>\n<p class=\"brz-ff-mulish brz-ft-google brz-fs-lg-16 brz-fss-lg-px brz-fw-lg-400 brz-ls-lg-0 brz-lh-lg-1_5 brz-tp-lg-paragraph brz-tp-sm-paragraph brz-css-cMKob\" data-generated-css=\"brz-css-ewdka\" data-uniq-id=\"pbyir\"><span class=\"brz-cp-color3\" style=\"background-color: transparent; opacity: 1;\"> <\/span><\/p>\n<p class=\"brz-ff-mulish brz-ft-google brz-fs-lg-16 brz-fss-lg-px brz-fw-lg-400 brz-ls-lg-0 brz-lh-lg-1_5 brz-tp-lg-paragraph brz-tp-sm-paragraph brz-css-xsu04\" data-generated-css=\"brz-css-bvogf\" data-uniq-id=\"gltwp\"><span class=\"brz-cp-color3\" style=\"background-color: transparent; opacity: 1;\">Convid\u00e1moste a que nos visites e descubras por que somos a opci\u00f3n preferida dos amantes do coche en Coru\u00f1a desde 1982! <\/span><\/p>\n<p class=\"brz-ff-mulish brz-ft-google brz-fs-lg-16 brz-fss-lg-px brz-fw-lg-400 brz-ls-lg-0 brz-lh-lg-1_5 brz-tp-lg-paragraph brz-tp-sm-paragraph brz-css-h3GRs\" data-generated-css=\"brz-css-gofge\" data-uniq-id=\"gvlof\"><\/p>\n<p class=\"brz-ff-mulish brz-ft-google brz-fs-lg-16 brz-fss-lg-px brz-fw-lg-400 brz-ls-lg-0 brz-lh-lg-1_5 brz-tp-lg-paragraph brz-tp-sm-paragraph brz-css-juir6\" data-generated-css=\"brz-css-krgkl\" data-uniq-id=\"ergqy\"><span class=\"brz-cp-color3\" style=\"background-color: transparent; opacity: 1;\">Esforz\u00e1monos por ofrecerche un excelente servizo ao cliente, asesoramento experto e presupostos transparentes. Queremos que te sintas tranquilo e seguro cando deixes o teu veh\u00edculo nas nosas mans. <\/span><\/p>\n<\/div>\n<\/div>\n<\/div>\n<div id=\"\" class=\"brz-css-1pwwpyl brz-css-10zdnjr brz-css-n8kpsf brz-wrapper\">\n<div class=\"brz-spacer brz-css-1mzrfn9 brz-css-j1nno9\"><\/div>\n<\/div>\n<\/div>\n<\/div>\n<\/div>\n<\/div>\n<\/div>\n<\/div>\n<\/section>\n<\/div>\n<p>    <!-- version:1739527343 --><\/p>","protected":false},"excerpt":{"rendered":"<p>Sobre nosotros Somos un taller activo en Abegondo, A Coru\u00f1a, desde 1982. Nuestros clientes son fieles y muy agradecidos. En Autom\u00f3biles Ca\u00f1\u00e1s, llevamos m\u00e1s de cuatro d\u00e9cadas brindando servicios de alta calidad en el mundo de la mec\u00e1nica en Coru\u00f1a y sus alrededores. Fundado en 1982 , nuestra pasi\u00f3n por los autom\u00f3viles y nuestro compromiso [&hellip;]<\/p>","protected":false},"author":1,"featured_media":0,"parent":0,"menu_order":0,"comment_status":"closed","ping_status":"closed","template":"brizy-blank-template.php","meta":{"site-sidebar-layout":"default","site-content-layout":"","ast-site-content-layout":"","site-content-style":"default","site-sidebar-style":"default","ast-global-header-display":"","ast-banner-title-visibility":"","ast-main-header-display":"","ast-hfb-above-header-display":"","ast-hfb-below-header-display":"","ast-hfb-mobile-header-display":"","site-post-title":"","ast-breadcrumbs-content":"","ast-featured-img":"","footer-sml-layout":"","theme-transparent-header-meta":"","adv-header-id-meta":"","stick-header-meta":"","header-above-stick-meta":"","header-main-stick-meta":"","header-below-stick-meta":"","astra-migrate-meta-layouts":"default","ast-page-background-enabled":"default","ast-page-background-meta":{"desktop":{"background-color":"var(--ast-global-color-4)","background-image":"","background-repeat":"repeat","background-position":"center center","background-size":"auto","background-attachment":"scroll","background-type":"","background-media":"","overlay-type":"","overlay-color":"","overlay-opacity":"","overlay-gradient":""},"tablet":{"background-color":"","background-image":"","background-repeat":"repeat","background-position":"center center","background-size":"auto","background-attachment":"scroll","background-type":"","background-media":"","overlay-type":"","overlay-color":"","overlay-opacity":"","overlay-gradient":""},"mobile":{"background-color":"","background-image":"","background-repeat":"repeat","background-position":"center center","background-size":"auto","background-attachment":"scroll","background-type":"","background-media":"","overlay-type":"","overlay-color":"","overlay-opacity":"","overlay-gradient":""}},"ast-content-background-meta":{"desktop":{"background-color":"var(--ast-global-color-5)","background-image":"","background-repeat":"repeat","background-position":"center center","background-size":"auto","background-attachment":"scroll","background-type":"","background-media":"","overlay-type":"","overlay-color":"","overlay-opacity":"","overlay-gradient":""},"tablet":{"background-color":"var(--ast-global-color-5)","background-image":"","background-repeat":"repeat","background-position":"center center","background-size":"auto","background-attachment":"scroll","background-type":"","background-media":"","overlay-type":"","overlay-color":"","overlay-opacity":"","overlay-gradient":""},"mobile":{"background-color":"var(--ast-global-color-5)","background-image":"","background-repeat":"repeat","background-position":"center center","background-size":"auto","background-attachment":"scroll","background-type":"","background-media":"","overlay-type":"","overlay-color":"","overlay-opacity":"","overlay-gradient":""}},"footnotes":""},"class_list":["post-36","page","type-page","status-publish","hentry"],"_links":{"self":[{"href":"https:\/\/automovilescanas.es\/gl\/wp-json\/wp\/v2\/pages\/36","targetHints":{"allow":["GET"]}}],"collection":[{"href":"https:\/\/automovilescanas.es\/gl\/wp-json\/wp\/v2\/pages"}],"about":[{"href":"https:\/\/automovilescanas.es\/gl\/wp-json\/wp\/v2\/types\/page"}],"author":[{"embeddable":true,"href":"https:\/\/automovilescanas.es\/gl\/wp-json\/wp\/v2\/users\/1"}],"replies":[{"embeddable":true,"href":"https:\/\/automovilescanas.es\/gl\/wp-json\/wp\/v2\/comments?post=36"}],"version-history":[{"count":22,"href":"https:\/\/automovilescanas.es\/gl\/wp-json\/wp\/v2\/pages\/36\/revisions"}],"predecessor-version":[{"id":2231,"href":"https:\/\/automovilescanas.es\/gl\/wp-json\/wp\/v2\/pages\/36\/revisions\/2231"}],"wp:attachment":[{"href":"https:\/\/automovilescanas.es\/gl\/wp-json\/wp\/v2\/media?parent=36"}],"curies":[{"name":"wp","href":"https:\/\/api.w.org\/{rel}","templated":true}]}}