{"id":18,"date":"2022-03-10T08:11:48","date_gmt":"2022-03-10T08:11:48","guid":{"rendered":"http:\/\/automovilescanas.es\/?page_id=18"},"modified":"2025-02-19T18:34:06","modified_gmt":"2025-02-19T18:34:06","slug":"contacto","status":"publish","type":"page","link":"https:\/\/automovilescanas.es\/gl\/contacto\/","title":{"rendered":"Contacto"},"content":{"rendered":"<div class=\"brz-root__container brz-reset-all brz brz-root__container-page\">\n<section id=\"ea5967e3412ce4dd8a05_pxiggciaktlljffrvyfjmzywwgcfqzgpeyxm\" class=\"brz-section brz-css-19gkuuf\">\n<div class=\"brz-section__content brz-section--boxed brz-css-1g2vgkq brz-css-e8nnad\" data-brz-custom-id=\"tvhmaxwsrhoqvwyfyxgnknptsnjslezrsplp\">\n<div class=\"brz-bg\">\n<div class=\"brz-bg-color\"><\/div>\n<\/div>\n<div class=\"brz-container brz-css-1bq2n82\">\n<div id=\"\" class=\"brz-css-zbnpg0 brz-css-w87fj3 brz-wrapper\">\n<div class=\"brz-rich-text brz-rich-text__custom brz-css-ekz9z5\" data-brz-custom-id=\"vboknuvhwxhpyfioqdtgpyxnlvkcrqfiinld\">\n<div data-brz-translate-text=\"1\">\n<h2 class=\"brz-tp-lg-heading2 brz-text-lg-center brz-css-k98I0\" data-uniq-id=\"cI0MI\" data-generated-css=\"brz-css-saWfL\"><span class=\"brz-cp-color3\" style=\"opacity: 1;\">Contacto<\/span><\/h2>\n<\/div>\n<\/div>\n<\/div>\n<\/div>\n<\/div>\n<\/section>\n<section id=\"37ca30543c22a17165d3_emgljrrapyuhnaritxkvyxvxrratcuieszqc\" class=\"brz-section brz-css-19gkuuf\">\n<div class=\"brz-section__content brz-section--boxed brz-css-1g2vgkq brz-css-jeu0kd\" data-brz-custom-id=\"ewzzuouawbdwippnffbcuvkcibvhfdznjcfo\">\n<div class=\"brz-container brz-css-1bq2n82\">\n<div class=\"brz-row__container brz-css-1h7n6j2\" data-brz-custom-id=\"cuvvfzarrekosinfjcbelkiufbteqmfrenim\">\n<div class=\"brz-bg\"><\/div>\n<div class=\"brz-row brz-css-gq4rop brz-css-1ywojku\">\n<div class=\"brz-columns brz-css-rrjbjr brz-css-1jo44yj\" data-brz-custom-id=\"wypgshddiukkygploxhjpwevgofrbihbjiqs\">\n<div class=\"brz-bg\"><\/div>\n<div class=\"brz-column__items brz-css-111r916 brz-css-1eqpbrh\">\n<div id=\"\" class=\"brz-css-zbnpg0 brz-css-ro0h5y brz-css-v2sd1d brz-wrapper\">\n<div class=\"brz-spacer brz-css-1gdhxdl brz-css-1kxnpmu\"><\/div>\n<\/div>\n<div id=\"\" class=\"brz-css-zbnpg0 brz-css-2dggbz brz-wrapper\">\n<div class=\"brz-rich-text brz-rich-text__custom brz-css-ekz9z5\" data-brz-custom-id=\"hoztnajdfibipoksfffpgncuesgskepauabu\">\n<div data-brz-translate-text=\"1\">\n<h4 class=\"brz-tp-lg-heading4 brz-text-xs-center brz-tp-xs-heading3 brz-tp-sm-heading2 brz-fss-lg-px brz-fw-lg-700 brz-ls-lg-m_1_5 brz-lh-lg-1_3 brz-ff-mulish brz-ft-google brz-fs-lg-30 brz-text-lg-left brz-css-gcmaX\" data-generated-css=\"brz-css-qowqv\" data-uniq-id=\"wuzhy\"><span class=\"brz-cp-color3\" style=\"opacity: 1; color: rgb(41, 48, 115);\">\u00a1Cont\u00e1ctanos para solicitar un presupuesto o agendar una cita!<\/span><\/h4>\n<\/div>\n<\/div>\n<\/div>\n<div id=\"\" class=\"brz-css-zbnpg0 brz-css-wp9wur brz-wrapper\">\n<div class=\"brz-rich-text brz-rich-text__custom brz-css-ekz9z5\" data-brz-custom-id=\"rwcptocbnpvuspjykyphvmbyjdcemwhftsgc\">\n<div data-brz-translate-text=\"1\">\n<p class=\"brz-text-lg-left brz-lh-xs-1_8 brz-ls-xs-0 brz-fw-xs-400 brz-fss-xs-px brz-fs-xs-17 brz-tp-xs-empty brz-text-xs-center brz-fss-lg-px brz-fw-lg-700 brz-ls-lg-m_1_5 brz-lh-lg-1_3 brz-ff-mulish brz-ft-google brz-fs-lg-30 brz-tp-lg-paragraph brz-tp-sm-heading5 brz-css-hWxnC\" data-generated-css=\"brz-css-qriru\" data-uniq-id=\"eccdb\"><span class=\"brz-cp-color3\" style=\"opacity: 1; background-color: transparent;\">Necesitas un presuposto ou reservar unha cita no noso taller mec\u00e1nico de Abegondo? Estamos preparados para axudarche. O noso equipo de mec\u00e1nicos ofrecerache un servizo de calidade e prezos competitivos. Ch\u00e1manos, env\u00edanos un correo electr\u00f3nico ou enche o formulario da nosa web! Conf\u00eda en n\u00f3s para coidar o teu veh\u00edculo.<\/span><\/p>\n<\/div>\n<\/div>\n<\/div>\n<div id=\"\" class=\"brz-css-zbnpg0 brz-css-ro0h5y brz-wrapper\">\n<div class=\"brz-spacer brz-css-1gdhxdl brz-css-h7bgc1\"><\/div>\n<\/div>\n<div id=\"\" class=\"brz-css-zbnpg0 brz-css-1j43cpt brz-wrapper\">\n<div class=\"brz-line brz-line-default brz-css-18mkj9c\" data-brz-custom-id=\"gqxhyauvajutuifkufhajtpbsxbrdoixbryw\">\n<hr class=\"brz-hr\"><\/div>\n<\/div>\n<div id=\"\" class=\"brz-css-zbnpg0 brz-css-ro0h5y brz-css-15m4rz3 brz-wrapper\">\n<div class=\"brz-spacer brz-css-1gdhxdl brz-css-x8ly9s\"><\/div>\n<\/div>\n<div id=\"\" class=\"brz-css-zbnpg0 brz-css-by1n83 brz-wrapper\">\n<div class=\"brz-rich-text brz-rich-text__custom brz-css-ekz9z5\" data-brz-custom-id=\"hcspzoucdtxovjvvyxzmxwcyhqzybkzbatmn\">\n<div data-brz-translate-text=\"1\">\n<h5 data-uniq-id=\"ovana\" data-generated-css=\"brz-css-tgnsb\" class=\"brz-tp-lg-empty brz-ff-mulish brz-ft-google brz-fs-lg-20 brz-fss-lg-px brz-fw-lg-400 brz-ls-lg-0 brz-lh-lg-1_6 brz-css-oGkA2\"><span class=\"brz-cp-color2\" style=\"opacity: 1;\">Correo electr\u00f3nico<\/span><\/h5>\n<\/div>\n<\/div>\n<\/div>\n<div id=\"\" class=\"brz-css-zbnpg0 brz-css-1m267cn brz-wrapper\">\n<div class=\"brz-rich-text brz-rich-text__custom brz-css-ekz9z5\" data-brz-custom-id=\"kikgcgrpbhipxtryeveppodrjuhngcuduxsm\">\n<div data-brz-translate-text=\"1\">\n<h5 class=\"brz-tp-lg-heading5 brz-css-jaTSu\" data-generated-css=\"brz-css-tqbcu\" data-uniq-id=\"ncnra\"><a class=\"link--external\" style=\"color: rgb(41, 48, 115); opacity: 1;\" href=\"mailto:info@automovilescanas.es\" data-brz-link-type=\"external\"><strong>informaci\u00f3n<\/strong><\/a><a class=\"link--external brz-pre-population-visible\" style=\"color: rgb(41, 48, 115); opacity: 1;\" href=\"mailto:info@automovilescanas.es\" data-brz-link-type=\"external\"><strong>@<\/strong><\/a><a class=\"link--external\" style=\"color: rgb(41, 48, 115); opacity: 1;\" href=\"mailto:info@automovilescanas.es\" data-brz-link-type=\"external\"><strong>automovilescanas.es<\/strong><\/a><\/h5>\n<\/div>\n<\/div>\n<\/div>\n<div id=\"\" class=\"brz-css-zbnpg0 brz-css-ro0h5y brz-wrapper\">\n<div class=\"brz-spacer brz-css-1gdhxdl brz-css-7t7kws\"><\/div>\n<\/div>\n<div id=\"\" class=\"brz-css-zbnpg0 brz-css-1vyicpl brz-wrapper\">\n<div class=\"brz-rich-text brz-rich-text__custom brz-css-ekz9z5\" data-brz-custom-id=\"edptmpbdgpezepkwygdrfkewmxutcbjctzlt\">\n<div data-brz-translate-text=\"1\">\n<h5 data-uniq-id=\"hbgry\" data-generated-css=\"brz-css-ktxwu\" class=\"brz-tp-lg-empty brz-ff-mulish brz-ft-google brz-fs-lg-20 brz-fss-lg-px brz-fw-lg-400 brz-ls-lg-0 brz-lh-lg-1_6 brz-css-jnDXp\"><span style=\"opacity: 1;\" class=\"brz-cp-color2\">Tel\u00e9fono<\/span><\/h5>\n<\/div>\n<\/div>\n<\/div>\n<div id=\"\" class=\"brz-css-zbnpg0 brz-css-tmec3l brz-wrapper\">\n<div class=\"brz-rich-text brz-rich-text__custom brz-css-ekz9z5\" data-brz-custom-id=\"ztlumzxkojhaxmtewvvhneihrocztlyvxvhy\">\n<div data-brz-translate-text=\"1\">\n<h5 class=\"brz-tp-lg-heading5 brz-css-grM91\" data-uniq-id=\"yjkpr\" data-generated-css=\"brz-css-cptif\"><strong class=\"brz-cp-color3\" style=\"opacity: 1; color: rgb(41, 48, 115);\">981 67 36 53 \/ <\/strong><strong style=\"opacity: 1;\" class=\"brz-cp-color3\">646 11 05 37<\/strong><\/h5>\n<\/div>\n<\/div>\n<\/div>\n<div id=\"\" class=\"brz-css-zbnpg0 brz-css-ro0h5y brz-wrapper\">\n<div class=\"brz-spacer brz-css-1gdhxdl brz-css-1c8iiq2\"><\/div>\n<\/div>\n<div id=\"\" class=\"brz-css-zbnpg0 brz-css-95kfqe brz-wrapper\">\n<div class=\"brz-rich-text brz-rich-text__custom brz-css-ekz9z5\" data-brz-custom-id=\"tcgvhebgwgqwvtjdkxxisfchgnoxybgjgnzq\">\n<div data-brz-translate-text=\"1\">\n<h5 data-generated-css=\"brz-css-vlppt\" data-uniq-id=\"fsbtv\" class=\"brz-tp-lg-empty brz-ff-mulish brz-ft-google brz-fs-lg-20 brz-fss-lg-px brz-fw-lg-400 brz-ls-lg-0 brz-lh-lg-1_6 brz-css-xhusk\"><span style=\"opacity: 1;\" class=\"brz-cp-color2\">Enderezo<\/span><\/h5>\n<\/div>\n<\/div>\n<\/div>\n<div id=\"\" class=\"brz-css-zbnpg0 brz-css-13mvao5 brz-wrapper\">\n<div class=\"brz-rich-text brz-rich-text__custom brz-css-ekz9z5\" data-brz-custom-id=\"bkhngawvlumsvosdzhlxnrqjvqlxpuxpisbr\">\n<div data-brz-translate-text=\"1\">\n<h5 class=\"brz-tp-lg-heading5 brz-css-g1orB\" data-generated-css=\"brz-css-vgpqi\" data-uniq-id=\"ovdtk\"><span style=\"opacity: 1;\" class=\"brz-cp-color3\">AC-542, 22, 15318 Abegondo, A Coru\u00f1a<\/span><\/h5>\n<\/div>\n<\/div>\n<\/div>\n<\/div>\n<\/div>\n<div class=\"brz-columns brz-css-rrjbjr brz-css-115gpyh\" data-brz-custom-id=\"pvgfbftyufrpjqulrkmxzxsltgfxxykgrfmz\">\n<div class=\"brz-bg\"><\/div>\n<div class=\"brz-column__items brz-css-111r916 brz-css-14c0d70\">\n<div id=\"\" class=\"brz-css-zbnpg0 brz-wrapper\">\n<div class=\"brz-rich-text brz-rich-text__custom brz-css-ekz9z5\" data-brz-custom-id=\"pxcxfprhwewswmiasfejycxaifsnuqwrhipx\">\n<div data-brz-translate-text=\"1\">\n<p class=\"brz-lh-lg-1_3 brz-ls-lg-0 brz-fw-lg-700 brz-fss-lg-px brz-fs-lg-18 brz-ft-google brz-ff-lato brz-tp-lg-empty brz-css-o9j9z\" data-generated-css=\"brz-css-cmeof\" data-uniq-id=\"uunro\"><span style=\"opacity: 1;\" class=\"brz-cp-color3\">Se o prefires, env\u00edanos un correo electr\u00f3nico coa t\u00faa consulta.<\/span><\/p>\n<\/div>\n<\/div>\n<\/div>\n<div id=\"\" class=\"brz-css-zbnpg0 brz-wrapper\">\n<div data-brz-form-version=\"2\" class=\"brz-forms2 brz-css-pw3hpc brz-css-f9rmba\" data-brz-custom-id=\"zlfeoaefgimxyumzvgpavvpylkvkoqldtpug\">\n<form class=\"brz-form brz-d-xs-flex brz-flex-xs-wrap\" novalidate=\"\" action=\"https:\/\/automovilescanas.es\/wp-admin\/admin-ajax.php?nonce=7ddd6ec4ac&amp;action=brizy_submit_form\" data-brz-form-id=\"zlfeoaefgimxyumzvgpavvpylkvkoqldtpug\" data-brz-project-id=\"de0b10f3823abc48083fa3576db24a7d\" data-brz-success=\"\" data-brz-error=\"\" data-brz-redirect=\"\" data-brz-form-type=\"default\" data-brz-translatable-default-success=\"Your email was sent successfully\" data-brz-translatable-default-error=\"Your email was not sent\" data-brz-translatable-default-empty=\"Please check your entry and try again\">\n<div data-brz-translate-text=\"1\" class=\"brz-forms2__item brz-css-1st30jx brz-css-rsfm0s brz-css-a2fzsg\"><input type=\"text\" id=\"lIcZWD2lmKiX_5f1026bcc0af0e43592a\" name=\"xrawobfescxkvtudscdyulwvelnppjdoxaam\" placeholder=\"Nome\" required=\"\" data-brz-type=\"Text\" data-brz-label=\"Nombre\" data-brz-placeholder=\"Nombre\" class=\"brz-input brz-forms2__field brz-forms2__field-text\"><\/div>\n<div data-brz-translate-text=\"1\" class=\"brz-forms2__item brz-css-1st30jx brz-css-rsfm0s brz-css-a2fzsg\"><input type=\"email\" id=\"tdUi2PAVSG7v_b98e82f9a8545fa7ae64\" name=\"veycxkyxsbemccwsyacieccqwsxhtwpipszs\" placeholder=\"Correo electr\u00f3nico\" required=\"\" pattern=\"%5E((%5B%5E%3C%3E%5C(%5C)%5C%5B%5C%5D%5C%5C.,;:%5Cs@%22%5D+(%5C.%5B%5E%3C%3E%5C(%5C)%5C%5B%5C%5D%5C%5C.,;:%5Cs@%22%5D+)*)%7C(%22.+%22))@((%5C%5B%5B0-9%5D%7B1,3%7D%5C.%5B0-9%5D%7B1,3%7D%5C.%5B0-9%5D%7B1,3%7D%5C.%5B0-9%5D%7B1,3%7D%5C%5D)%7C((%5Ba-zA-Z%5C-0-9%5D+%5C.)+%5Ba-zA-Z%5D%7B2,%7D))$\" data-brz-type=\"Email\" data-brz-label=\"Correo electr\u00f3nico\" data-brz-placeholder=\"Correo electr\u00f3nico\" maxlength=\"255\" class=\"brz-input brz-forms2__field brz-forms2__field-email\"><\/div>\n<div data-brz-translate-text=\"1\" class=\"brz-forms2__item brz-css-1st30jx brz-css-rsfm0s brz-css-a2fzsg\"><input type=\"text\" id=\"r3l8UGWvSv3t_68b6c84422970dda3fd6\" name=\"bsfvmleaxshccvjjlzeoohzkhgzeavvfituq\" placeholder=\"Asunto\" required=\"\" data-brz-type=\"Text\" data-brz-label=\"Asunto\" data-brz-placeholder=\"Asunto\" class=\"brz-input brz-forms2__field brz-forms2__field-text\"><\/div>\n<div data-brz-translate-text=\"1\" class=\"brz-forms2__item brz-css-1st30jx brz-css-rsfm0s brz-css-a2fzsg brz-css-rrh8z5\"><textarea id=\"wlzwJyDZ55i8_fd8d8ea0c92316a661e6\" name=\"pamttkrpdcfheoynagwpyjbvlyywkfsaqpji\" placeholder=\"Comenta\" data-brz-type=\"Paragraph\" data-brz-label=\"Comentario\" data-brz-placeholder=\"Comentario\" class=\"brz-textarea brz-forms2__field brz-forms2__field-paragraph\"><\/textarea><\/div>\n<div class=\"brz-forms2 brz-forms2__item brz-forms2__item-button\" data-brz-custom-id=\"zlfeoaefgimxyumzvgpavvpylkvkoqldtpug\"><button class=\"brz-btn brz-btn-submit brz-css-mgj81i brz-css-hu07q3\" data-brz-custom-id=\"bqrztwtutdewwvzwtwakqgiqivzulqhzgggv\"><svg class=\"brz-icon-svg align-[initial] brz-css-13ew7rt brz-css-1dfyj0h\"><use href=\"\/wp-content\/plugins\/brizy\/public\/editor-build\/prod\/editor\/icons\/glyph\/email-83.svg#nc_icon\"><\/use><\/svg><span data-brz-translate-text=\"1\" class=\"brz-span brz-text__editor\">Enviar mensaxe<\/span><\/button><svg class=\"brz-icon-svg align-[initial] brz-form-spinner brz-invisible brz-ed-animated--spin\"><use href=\"\/wp-content\/plugins\/brizy\/public\/editor-build\/prod\/editor\/icons\/glyph\/circle-02.svg#nc_icon\"><\/use><\/svg><\/div>\n<div class=\"brz-g-recaptcha\" data-sitekey=\"\" data-size=\"invisible\" data-callback=\"brzFormV2Captcha\"><\/div>\n<\/form>\n<\/div>\n<\/div>\n<\/div>\n<\/div>\n<\/div>\n<\/div>\n<div id=\"\" class=\"brz-css-zbnpg0 brz-css-ro0h5y brz-wrapper\">\n<div class=\"brz-spacer brz-css-1gdhxdl brz-css-1muzsk7\"><\/div>\n<\/div>\n<div id=\"\" class=\"brz-css-zbnpg0 brz-css-1gtzebm brz-wrapper\">\n<div class=\"brz-map brz-map_styles brz-css-a1fj brz-css-tr2faw\" data-brz-custom-id=\"tygayatsgyzfdccnjarmhuzfegutedfwwwxz\">\n<div class=\"brz-ui-ed-map-content\"><iframe class=\"intrinsic-ignore brz-ui-ed-iframe\" src=\"https:\/\/www.google.com\/maps\/embed\/v1\/place?key=AIzaSyCcywKcxXeMZiMwLDcLgyEnNglcLOyB_qw&amp;q=AC-542, 22, 15318 Abegondo, A Coru\u00f1a&amp;zoom=16\" title=\"mapa\"><\/iframe><\/div>\n<\/div>\n<\/div>\n<\/div>\n<\/div>\n<\/section>\n<\/div>\n<p>    <!-- version:1739990046 --><\/p>","protected":false},"excerpt":{"rendered":"<p>Contacto \u00a1Cont\u00e1ctanos para solicitar un presupuesto o agendar una cita! \u00bfNecesitas un presupuesto o reservar una cita en nuestro taller mec\u00e1nico en Abegondo? Estamos listos para ayudarte. Nuestro equipo de mec\u00e1nicos te brindar\u00e1 un servicio de calidad y precios competitivos. \u00a1Ll\u00e1manos, env\u00edanos un correo o completa el formulario en nuestra p\u00e1gina web! Conf\u00eda en nosotros [&hellip;]<\/p>","protected":false},"author":0,"featured_media":0,"parent":0,"menu_order":0,"comment_status":"closed","ping_status":"closed","template":"brizy-blank-template.php","meta":{"site-sidebar-layout":"default","site-content-layout":"","ast-site-content-layout":"","site-content-style":"default","site-sidebar-style":"default","ast-global-header-display":"","ast-banner-title-visibility":"","ast-main-header-display":"","ast-hfb-above-header-display":"","ast-hfb-below-header-display":"","ast-hfb-mobile-header-display":"","site-post-title":"","ast-breadcrumbs-content":"","ast-featured-img":"","footer-sml-layout":"","theme-transparent-header-meta":"","adv-header-id-meta":"","stick-header-meta":"","header-above-stick-meta":"","header-main-stick-meta":"","header-below-stick-meta":"","astra-migrate-meta-layouts":"default","ast-page-background-enabled":"default","ast-page-background-meta":{"desktop":{"background-color":"var(--ast-global-color-4)","background-image":"","background-repeat":"repeat","background-position":"center center","background-size":"auto","background-attachment":"scroll","background-type":"","background-media":"","overlay-type":"","overlay-color":"","overlay-opacity":"","overlay-gradient":""},"tablet":{"background-color":"","background-image":"","background-repeat":"repeat","background-position":"center center","background-size":"auto","background-attachment":"scroll","background-type":"","background-media":"","overlay-type":"","overlay-color":"","overlay-opacity":"","overlay-gradient":""},"mobile":{"background-color":"","background-image":"","background-repeat":"repeat","background-position":"center center","background-size":"auto","background-attachment":"scroll","background-type":"","background-media":"","overlay-type":"","overlay-color":"","overlay-opacity":"","overlay-gradient":""}},"ast-content-background-meta":{"desktop":{"background-color":"var(--ast-global-color-5)","background-image":"","background-repeat":"repeat","background-position":"center center","background-size":"auto","background-attachment":"scroll","background-type":"","background-media":"","overlay-type":"","overlay-color":"","overlay-opacity":"","overlay-gradient":""},"tablet":{"background-color":"var(--ast-global-color-5)","background-image":"","background-repeat":"repeat","background-position":"center center","background-size":"auto","background-attachment":"scroll","background-type":"","background-media":"","overlay-type":"","overlay-color":"","overlay-opacity":"","overlay-gradient":""},"mobile":{"background-color":"var(--ast-global-color-5)","background-image":"","background-repeat":"repeat","background-position":"center center","background-size":"auto","background-attachment":"scroll","background-type":"","background-media":"","overlay-type":"","overlay-color":"","overlay-opacity":"","overlay-gradient":""}},"footnotes":""},"class_list":["post-18","page","type-page","status-publish","hentry"],"_links":{"self":[{"href":"https:\/\/automovilescanas.es\/gl\/wp-json\/wp\/v2\/pages\/18","targetHints":{"allow":["GET"]}}],"collection":[{"href":"https:\/\/automovilescanas.es\/gl\/wp-json\/wp\/v2\/pages"}],"about":[{"href":"https:\/\/automovilescanas.es\/gl\/wp-json\/wp\/v2\/types\/page"}],"replies":[{"embeddable":true,"href":"https:\/\/automovilescanas.es\/gl\/wp-json\/wp\/v2\/comments?post=18"}],"version-history":[{"count":30,"href":"https:\/\/automovilescanas.es\/gl\/wp-json\/wp\/v2\/pages\/18\/revisions"}],"predecessor-version":[{"id":2251,"href":"https:\/\/automovilescanas.es\/gl\/wp-json\/wp\/v2\/pages\/18\/revisions\/2251"}],"wp:attachment":[{"href":"https:\/\/automovilescanas.es\/gl\/wp-json\/wp\/v2\/media?parent=18"}],"curies":[{"name":"wp","href":"https:\/\/api.w.org\/{rel}","templated":true}]}}